{"id":90380,"date":"2025-08-16T01:13:03","date_gmt":"2025-08-15T23:13:03","guid":{"rendered":"https:\/\/grand-piano.eu\/?page_id=90380"},"modified":"2025-08-27T09:11:23","modified_gmt":"2025-08-27T07:11:23","slug":"mentions-legales","status":"publish","type":"page","link":"https:\/\/grand-piano.eu\/it\/mentions-legales\/","title":{"rendered":"Mentions l\u00e9gales"},"content":{"rendered":"<p><strong>\u00c9diteur du site<\/strong><\/p>\n\n\n\n<p>Le site <strong><a href=\"http:\/\/GRAND-PIANO.EU\">GRAND-PIANO.EU<\/a><\/strong> est \u00e9dit\u00e9 par la soci\u00e9t\u00e9 <strong>GOVA<\/strong>, dont le si\u00e8ge social est situ\u00e9 au :<\/p>\n\n\n\n<p>10 Rue de Penthi\u00e8vre \u2013 75008 PARIS (France)<\/p>\n\n\n\n<p>Immatricul\u00e9e au registre du commerce et des soci\u00e9t\u00e9s (RCS) de PARIS<\/p>\n\n\n\n<p>SIRET : 828 293 688 00010<\/p>\n\n\n\n<p><strong>Coordonn\u00e9es<\/strong> :<\/p>\n\n\n\n<p>T\u00e9l. : 01 84 25 34 39<\/p>\n\n\n\n<p>Email : contact@gova.pro<\/p>\n\n\n\n<hr class=\"wp-block-separator has-alpha-channel-opacity\"\/>\n\n\n\n<p><strong>H\u00e9bergement<\/strong><\/p>\n\n\n\n<p>Le site <strong><a href=\"http:\/\/GRAND-PIANO.EU\" data-type=\"link\" data-id=\"GRAND-PIANO.EU\">GRAND-PIANO.EU<\/a><\/strong> est h\u00e9berg\u00e9 par :<\/p>\n\n\n\n<p>OVH \u2013 SAS au capital de 10 069 020 \u20ac<\/p>\n\n\n\n<p>RCS Lille M\u00e9tropole 424 761 419<\/p>\n\n\n\n<p>Code APE 2620Z<\/p>\n\n\n\n<p>Si\u00e8ge social : 2 rue Kellermann \u2013 59100 Roubaix \u2013 France<\/p>","protected":false},"excerpt":{"rendered":"<p>\u00c9diteur du site Le site GRAND-PIANO.EU est \u00e9dit\u00e9 par la soci\u00e9t\u00e9 GOVA, dont le si\u00e8ge social est situ\u00e9 au :,&#8230;<\/p>","protected":false},"author":1,"featured_media":0,"parent":0,"menu_order":0,"comment_status":"closed","ping_status":"closed","template":"","meta":{"_seopress_robots_primary_cat":"","_seopress_titles_title":"","_seopress_titles_desc":"","_seopress_robots_index":"","inline_featured_image":false,"footnotes":""},"class_list":["post-90380","page","type-page","status-publish","hentry"],"_links":{"self":[{"href":"https:\/\/grand-piano.eu\/it\/wp-json\/wp\/v2\/pages\/90380","targetHints":{"allow":["GET"]}}],"collection":[{"href":"https:\/\/grand-piano.eu\/it\/wp-json\/wp\/v2\/pages"}],"about":[{"href":"https:\/\/grand-piano.eu\/it\/wp-json\/wp\/v2\/types\/page"}],"author":[{"embeddable":true,"href":"https:\/\/grand-piano.eu\/it\/wp-json\/wp\/v2\/users\/1"}],"replies":[{"embeddable":true,"href":"https:\/\/grand-piano.eu\/it\/wp-json\/wp\/v2\/comments?post=90380"}],"version-history":[{"count":2,"href":"https:\/\/grand-piano.eu\/it\/wp-json\/wp\/v2\/pages\/90380\/revisions"}],"predecessor-version":[{"id":90433,"href":"https:\/\/grand-piano.eu\/it\/wp-json\/wp\/v2\/pages\/90380\/revisions\/90433"}],"wp:attachment":[{"href":"https:\/\/grand-piano.eu\/it\/wp-json\/wp\/v2\/media?parent=90380"}],"curies":[{"name":"wp","href":"https:\/\/api.w.org\/{rel}","templated":true}]}}