{"id":57,"date":"2019-09-26T01:26:34","date_gmt":"2019-09-26T01:26:34","guid":{"rendered":"http:\/\/packman-demo.localhost\/?page_id=57"},"modified":"2025-08-16T02:00:04","modified_gmt":"2025-08-16T00:00:04","slug":"about-us","status":"publish","type":"page","link":"https:\/\/grand-piano.eu\/it\/about-us\/","title":{"rendered":"A propos"},"content":{"rendered":"<h2 class=\"wp-block-heading has-text-align-center\">Bienvenue sur <strong>GRAND-PIANO.EU<\/strong>, un site d\u00e9di\u00e9 \u00e0 l\u2019univers du piano \u00e0 queue.<\/h2>\n\n\n\n<p>Notre objectif est simple : partager la passion pour cet instrument d\u2019exception, symbole d\u2019\u00e9l\u00e9gance et de richesse sonore. \u00c0 travers nos articles et ressources, nous explorons son histoire, ses mod\u00e8les embl\u00e9matiques, ses artistes de l\u00e9gende et ses plus belles sonorit\u00e9s.<\/p>\n\n\n\n<p>Que vous soyez pianiste, amateur de musique ou simple curieux, GRAND-PIANO.EU vous invite \u00e0 d\u00e9couvrir le piano \u00e0 queue sous toutes ses facettes \u2013 de son fonctionnement technique \u00e0 ses plus belles cr\u00e9ations artistiques.<\/p>\n\n\n\n<p>\ud83c\udfb9 <em>Le piano \u00e0 queue n\u2019est pas seulement un instrument : c\u2019est une exp\u00e9rience, une \u00e9motion et un art de vivre.<\/em><\/p>","protected":false},"excerpt":{"rendered":"<p>Bienvenue sur GRAND-PIANO.EU, un site d\u00e9di\u00e9 \u00e0 l\u2019univers du piano \u00e0 queue. Notre objectif est simple : partager la passion,&#8230;<\/p>","protected":false},"author":1,"featured_media":0,"parent":0,"menu_order":0,"comment_status":"closed","ping_status":"closed","template":"","meta":{"_seopress_robots_primary_cat":"","_seopress_titles_title":"","_seopress_titles_desc":"","_seopress_robots_index":"","inline_featured_image":false,"footnotes":""},"class_list":["post-57","page","type-page","status-publish","hentry"],"_links":{"self":[{"href":"https:\/\/grand-piano.eu\/it\/wp-json\/wp\/v2\/pages\/57","targetHints":{"allow":["GET"]}}],"collection":[{"href":"https:\/\/grand-piano.eu\/it\/wp-json\/wp\/v2\/pages"}],"about":[{"href":"https:\/\/grand-piano.eu\/it\/wp-json\/wp\/v2\/types\/page"}],"author":[{"embeddable":true,"href":"https:\/\/grand-piano.eu\/it\/wp-json\/wp\/v2\/users\/1"}],"replies":[{"embeddable":true,"href":"https:\/\/grand-piano.eu\/it\/wp-json\/wp\/v2\/comments?post=57"}],"version-history":[{"count":0,"href":"https:\/\/grand-piano.eu\/it\/wp-json\/wp\/v2\/pages\/57\/revisions"}],"wp:attachment":[{"href":"https:\/\/grand-piano.eu\/it\/wp-json\/wp\/v2\/media?parent=57"}],"curies":[{"name":"wp","href":"https:\/\/api.w.org\/{rel}","templated":true}]}}