{"id":90382,"date":"2025-08-16T01:13:37","date_gmt":"2025-08-15T23:13:37","guid":{"rendered":"https:\/\/grand-piano.eu\/?page_id=90382"},"modified":"2025-08-27T09:10:50","modified_gmt":"2025-08-27T07:10:50","slug":"politique-de-confidentialite-et-cookies","status":"publish","type":"page","link":"https:\/\/grand-piano.eu\/de\/politique-de-confidentialite-et-cookies\/","title":{"rendered":"Politique de confidentialit\u00e9 et cookies"},"content":{"rendered":"<h2 class=\"wp-block-heading\"><strong>1. Collecte des donn\u00e9es<\/strong><\/h2>\n\n\n\n<p>Le site <strong><a href=\"http:\/\/GRAND-PIANO.EU\">GRAND-PIANO.EU<\/a><\/strong> peut collecter des donn\u00e9es personnelles lorsque vous utilisez le formulaire de contact ou lorsque vous naviguez sur le site (adresse IP, cookies, statistiques de navigation).<\/p>\n\n\n\n<p>Ces informations sont utilis\u00e9es uniquement \u00e0 des fins de communication, de statistiques et d\u2019am\u00e9lioration de l\u2019exp\u00e9rience utilisateur.<\/p>\n\n\n\n<h2 class=\"wp-block-heading\"><strong>2. Protection des donn\u00e9es<\/strong><\/h2>\n\n\n\n<p>La soci\u00e9t\u00e9 <strong>GOVA<\/strong> s\u2019engage \u00e0 ce que la collecte et le traitement de vos donn\u00e9es respectent le <strong>R\u00e8glement G\u00e9n\u00e9ral sur la Protection des Donn\u00e9es (RGPD)<\/strong>.<\/p>\n\n\n\n<p>Vos donn\u00e9es ne sont ni c\u00e9d\u00e9es ni vendues \u00e0 des tiers.<\/p>\n\n\n\n<h2 class=\"wp-block-heading\"><strong>3. Vos droits<\/strong><\/h2>\n\n\n\n<p>Conform\u00e9ment \u00e0 la loi Informatique et Libert\u00e9s et au RGPD, vous disposez d\u2019un droit d\u2019acc\u00e8s, de rectification, de suppression et d\u2019opposition concernant vos donn\u00e9es personnelles.<\/p>\n\n\n\n<p>Pour exercer ce droit, vous pouvez nous contacter \u00e0 l\u2019adresse : <strong>contact@gova.pro<\/strong>.<\/p>\n\n\n\n<h2 class=\"wp-block-heading\"><strong>4. Cookies<\/strong><\/h2>\n\n\n\n<p>Le site peut utiliser des cookies pour :<\/p>\n\n\n\n<ul class=\"wp-block-list\">\n<li>am\u00e9liorer la navigation,<\/li>\n\n\n\n<li>mesurer la fr\u00e9quentation (Google Analytics ou \u00e9quivalent),<\/li>\n\n\n\n<li>int\u00e9grer des contenus tiers (vid\u00e9os, r\u00e9seaux sociaux\u2026).<\/li>\n<\/ul>\n\n\n\n<p>Vous pouvez g\u00e9rer ou d\u00e9sactiver les cookies directement depuis les param\u00e8tres de votre navigateur.<\/p>\n\n\n\n<h2 class=\"wp-block-heading\"><strong>5. Contact<\/strong><\/h2>\n\n\n\n<p>Pour toute question relative \u00e0 la gestion de vos donn\u00e9es personnelles, vous pouvez nous \u00e9crire \u00e0 :<\/p>\n\n\n\n<p><strong>GOVA \u2013 10 Rue de Penthi\u00e8vre \u2013 75008 PARIS (France)<\/strong><\/p>\n\n\n\n<p>E-mail : <strong>contact@gova.pro<\/strong><\/p>\n\n\n\n<p><\/p>","protected":false},"excerpt":{"rendered":"<p>1. Collecte des donn\u00e9es Le site GRAND-PIANO.EU peut collecter des donn\u00e9es personnelles lorsque vous utilisez le formulaire de contact ou,&#8230;<\/p>","protected":false},"author":1,"featured_media":0,"parent":0,"menu_order":0,"comment_status":"closed","ping_status":"closed","template":"","meta":{"_seopress_robots_primary_cat":"","_seopress_titles_title":"","_seopress_titles_desc":"","_seopress_robots_index":"","inline_featured_image":false,"footnotes":""},"class_list":["post-90382","page","type-page","status-publish","hentry"],"_links":{"self":[{"href":"https:\/\/grand-piano.eu\/de\/wp-json\/wp\/v2\/pages\/90382","targetHints":{"allow":["GET"]}}],"collection":[{"href":"https:\/\/grand-piano.eu\/de\/wp-json\/wp\/v2\/pages"}],"about":[{"href":"https:\/\/grand-piano.eu\/de\/wp-json\/wp\/v2\/types\/page"}],"author":[{"embeddable":true,"href":"https:\/\/grand-piano.eu\/de\/wp-json\/wp\/v2\/users\/1"}],"replies":[{"embeddable":true,"href":"https:\/\/grand-piano.eu\/de\/wp-json\/wp\/v2\/comments?post=90382"}],"version-history":[{"count":2,"href":"https:\/\/grand-piano.eu\/de\/wp-json\/wp\/v2\/pages\/90382\/revisions"}],"predecessor-version":[{"id":90432,"href":"https:\/\/grand-piano.eu\/de\/wp-json\/wp\/v2\/pages\/90382\/revisions\/90432"}],"wp:attachment":[{"href":"https:\/\/grand-piano.eu\/de\/wp-json\/wp\/v2\/media?parent=90382"}],"curies":[{"name":"wp","href":"https:\/\/api.w.org\/{rel}","templated":true}]}}